{"id":356,"date":"2018-07-04T08:25:13","date_gmt":"2018-07-04T08:25:13","guid":{"rendered":"https:\/\/barbara-proksch.com\/?page_id=356"},"modified":"2021-09-14T08:01:02","modified_gmt":"2021-09-14T08:01:02","slug":"1995-2","status":"publish","type":"page","link":"https:\/\/barbara-proksch.com\/?page_id=356","title":{"rendered":"1995"},"content":{"rendered":"\n<p>OPTO_PHON &#8211; GALERIE NOTWEHR &#8211; M\u00dcNCHEN 1995<\/p>\n\n\n\n<p><iframe loading=\"lazy\" src=\"https:\/\/www.youtube-nocookie.com\/embed\/CnIOyd1ypFA?rel=0\" allowfullscreen=\"allowfullscreen\" data-mce-fragment=\"1\" width=\"560\" height=\"315\" frameborder=\"0\"><\/iframe><\/p>\n\n\n\n<p>V\u00d6LKERWANDERUNG<br>Papier auf Keilrahmen trommelfellgleich gespannt &#8211; Kugelschreiber &#8211; Messer<\/p>\n\n\n\n<p>Das Verharren in der Beobachtung der Darstellung bei \u00fcberwiegender Konzentration auf den Zeichenablauf, wird, durch die Pr\u00e4senz der synchronen Ton\u00fcbertragung, sekund\u00e4r. Meine Hand folgt zum einen meinem bildnerischen Willen, zum anderen wird sie gelenkt von den akustischen Signalen, die die Zeichnung in ihren eigenen Rhytmus tr\u00e4gt. Das Thema V\u00d6LKERWANDERUNGEN war schon \u00fcber S\u00e4ulen, Wellpappen und Faxpapierrollen gewandert &#8211; jedoch ohne den H\u00d6RBAREN Schritt, meine Gesten des Zeichnens erweitern sich &#8211; die Linienf\u00fchrung verdichtet sich um die Dimension des Zuh\u00f6rens. Das symbiotische Verh\u00e4ltnis von Auge zu Ohr diktiert mir eine andere Handschrift.<\/p>\n\n\n\n<p>ABGEHAKT<br>Papier auf Keilrahmen trommelfellgleich gespannt &#8211; Kugelschreiber \u2013 Messer<\/p>\n\n\n\n<p>Das Zeichenvokabular, das ich zum \u201ereden\u201c bringe, sind zu Formeln geronnene Zeichen, die &#8211; seit langem zu meinem Thema geworden &#8211; inhaltlich und strukturell RHYTHMUS in sich tragen, das IIII-Zeichen mutiert &#8211; auch akustisch &#8211; zu stolpernden, verfolgten, gejagten und vernichteten Individuen. Meine Gestik beim Zeichnen folgt der Klang\u00fcbertragung und erweitert meinen inhaltlichen Dialog. Mein OHR unterscheidet aktive und passive rhythmische Eingriffe, die sich von dem RAUM-Mass des SEHENS in das ZEIT-Mass des H\u00d6RENS auswandern. Der akustische Mitschnitt dieser Zeichensetzung entwickelt eine, in diesem Ausmass ungekannte Eigendynamik. Das Mith\u00f6ren aktiviert \u00fcber das Zeichnen hinausgehende Eingriffe in das Papier. Das Losl\u00f6sen einer Papierschicht wird zu einer H\u00e4utung, ebenso zu einem L\u00f6schprozess&#8230; das Durchstechen zu einer Verletzungsformel, die auf der R\u00fcckseite einer Narbe gleicht.<\/p>\n","protected":false},"excerpt":{"rendered":"<p>OPTO_PHON &#8211; GALERIE NOTWEHR &#8211; M\u00dcNCHEN 1995 V\u00d6LKERWANDERUNGPapier auf Keilrahmen trommelfellgleich gespannt &#8211; Kugelschreiber &#8211; Messer Das Verharren in der Beobachtung der [&hellip;]<\/p>\n","protected":false},"author":1,"featured_media":0,"parent":218,"menu_order":0,"comment_status":"closed","ping_status":"closed","template":"page-templates\/page_fullwidth.php","meta":{"footnotes":""},"class_list":["post-356","page","type-page","status-publish","hentry"],"_links":{"self":[{"href":"https:\/\/barbara-proksch.com\/index.php?rest_route=\/wp\/v2\/pages\/356","targetHints":{"allow":["GET"]}}],"collection":[{"href":"https:\/\/barbara-proksch.com\/index.php?rest_route=\/wp\/v2\/pages"}],"about":[{"href":"https:\/\/barbara-proksch.com\/index.php?rest_route=\/wp\/v2\/types\/page"}],"author":[{"embeddable":true,"href":"https:\/\/barbara-proksch.com\/index.php?rest_route=\/wp\/v2\/users\/1"}],"replies":[{"embeddable":true,"href":"https:\/\/barbara-proksch.com\/index.php?rest_route=%2Fwp%2Fv2%2Fcomments&post=356"}],"version-history":[{"count":4,"href":"https:\/\/barbara-proksch.com\/index.php?rest_route=\/wp\/v2\/pages\/356\/revisions"}],"predecessor-version":[{"id":722,"href":"https:\/\/barbara-proksch.com\/index.php?rest_route=\/wp\/v2\/pages\/356\/revisions\/722"}],"up":[{"embeddable":true,"href":"https:\/\/barbara-proksch.com\/index.php?rest_route=\/wp\/v2\/pages\/218"}],"wp:attachment":[{"href":"https:\/\/barbara-proksch.com\/index.php?rest_route=%2Fwp%2Fv2%2Fmedia&parent=356"}],"curies":[{"name":"wp","href":"https:\/\/api.w.org\/{rel}","templated":true}]}}