{"id":360,"date":"2018-07-04T08:43:01","date_gmt":"2018-07-04T08:43:01","guid":{"rendered":"https:\/\/barbara-proksch.com\/?page_id=360"},"modified":"2021-09-14T08:01:22","modified_gmt":"2021-09-14T08:01:22","slug":"1995-3","status":"publish","type":"page","link":"https:\/\/barbara-proksch.com\/?page_id=360","title":{"rendered":"1996"},"content":{"rendered":"\n<p>OPTO_PHON &#8211; KUNSTVEREIN PASSAU, ANNA-KAPELTE 1996<\/p>\n\n\n\n<p><iframe loading=\"lazy\" src=\"https:\/\/www.youtube-nocookie.com\/embed\/3oL7XMc3dvM?rel=0\" allowfullscreen=\"allowfullscreen\" data-mce-fragment=\"1\" width=\"560\" height=\"315\" frameborder=\"0\"><\/iframe><\/p>\n\n\n\n<p>V\u00d6LKERWANDERUNGEN<br>gestrichenes Packpapier, 200 cm x 150 cm, auf Keilrahmen gespannt &#8211; schwarze Tusche &#8211; H\u00e4nde\/Finger, Haarb\u00fcrsten, Rakel, Pinsel, Pipettenflasche<\/p>\n\n\n\n<p>Mein gewachsenes Vertrauen in die Analogie von Bild und Klang bestimmt den dramaturgischen Ablauf. Durch das KLANG-ZEICHNEN f\u00fchrt eine rein gestische Klang-Bildsprache in das Thema, jede Antwort, die mir das Papier als KLANGK\u00d6RPER vermittelt, dirigiert den zeichnerischen Prozess.<br>Wenn ich \u00fcber die Membrane in der Horizontale mit den Handfl\u00e4chen streiche und das Klangvolumen zum Bestandteil der Ereignisse mache, mit den Fingerkuppen trommle, mir das Werkzeug vom Klang befehlen lasse, wenn sich Spritzkaskaden aus dem Pinsel durch die akustische Verst\u00e4rkung zu Vorboten des Unheils definieren, dann fordert der Klang als Beantwortung seine optischen Spuren heraus. Da mein AUGE \u00fcber das OHR wahrnimmt, tr\u00e4gt sich die Zeichnung als ein homogenes Gebilde fort, das keinen <em>Fehler<\/em> mehr akzeptiert, kein Ausl\u00f6schen, keinen bildnerischen Kompositionsfehler kennt. Ich <em>unterliege<\/em> dem Prinzip der Sprache.<br>Das abstrakte Strukturgewebe entwickelt sich letztendlich bis hin zu inhaltlich benennbaren Formen, einem Schriftzug gleich rasen menschen\u00e4hnliche Zeichen aus einer mit Tusche gef\u00fcllten Pipettenffasche. Dieses Werkzeug schreibt in einem, dem Ger\u00e4usch analogen Schriftduktus.<\/p>\n","protected":false},"excerpt":{"rendered":"<p>OPTO_PHON &#8211; KUNSTVEREIN PASSAU, ANNA-KAPELTE 1996 V\u00d6LKERWANDERUNGENgestrichenes Packpapier, 200 cm x 150 cm, auf Keilrahmen gespannt &#8211; schwarze Tusche &#8211; H\u00e4nde\/Finger, Haarb\u00fcrsten, [&hellip;]<\/p>\n","protected":false},"author":1,"featured_media":0,"parent":218,"menu_order":0,"comment_status":"closed","ping_status":"closed","template":"page-templates\/page_fullwidth.php","meta":{"footnotes":""},"class_list":["post-360","page","type-page","status-publish","hentry"],"_links":{"self":[{"href":"https:\/\/barbara-proksch.com\/index.php?rest_route=\/wp\/v2\/pages\/360","targetHints":{"allow":["GET"]}}],"collection":[{"href":"https:\/\/barbara-proksch.com\/index.php?rest_route=\/wp\/v2\/pages"}],"about":[{"href":"https:\/\/barbara-proksch.com\/index.php?rest_route=\/wp\/v2\/types\/page"}],"author":[{"embeddable":true,"href":"https:\/\/barbara-proksch.com\/index.php?rest_route=\/wp\/v2\/users\/1"}],"replies":[{"embeddable":true,"href":"https:\/\/barbara-proksch.com\/index.php?rest_route=%2Fwp%2Fv2%2Fcomments&post=360"}],"version-history":[{"count":3,"href":"https:\/\/barbara-proksch.com\/index.php?rest_route=\/wp\/v2\/pages\/360\/revisions"}],"predecessor-version":[{"id":723,"href":"https:\/\/barbara-proksch.com\/index.php?rest_route=\/wp\/v2\/pages\/360\/revisions\/723"}],"up":[{"embeddable":true,"href":"https:\/\/barbara-proksch.com\/index.php?rest_route=\/wp\/v2\/pages\/218"}],"wp:attachment":[{"href":"https:\/\/barbara-proksch.com\/index.php?rest_route=%2Fwp%2Fv2%2Fmedia&parent=360"}],"curies":[{"name":"wp","href":"https:\/\/api.w.org\/{rel}","templated":true}]}}