{"id":362,"date":"2018-07-04T08:49:07","date_gmt":"2018-07-04T08:49:07","guid":{"rendered":"https:\/\/barbara-proksch.com\/?page_id=362"},"modified":"2021-09-14T08:01:48","modified_gmt":"2021-09-14T08:01:48","slug":"1997-2","status":"publish","type":"page","link":"https:\/\/barbara-proksch.com\/?page_id=362","title":{"rendered":"1997"},"content":{"rendered":"\n<p>OPTO_PHON &#8211; GERMERINGER BUCH-KUNST-ACHSE\/KUNSTLERB\u00dcCHER 1997<\/p>\n\n\n\n<p><iframe loading=\"lazy\" src=\"https:\/\/www.youtube-nocookie.com\/embed\/_C5ttH-Vl8U?rel=0\" allowfullscreen=\"allowfullscreen\" data-mce-fragment=\"1\" width=\"560\" height=\"315\" frameborder=\"0\"><\/iframe><\/p>\n\n\n\n<p>BIOGRAPHIEN<br>weiss gestrichenes Packpapier auf Keilrahmen gespannt, jeweils 70cm x 150cm, zweiteilig aufgeklappt schwarze Tusche, B\u00fcrsten, Rakel, Pinsel, Messer, H\u00f6lzer<\/p>\n\n\n\n<p>Das K\u00fcnstlerbuch ist ein Lebensraum von Gedanken, den man Wort um Wort, Zeile um Zeile, Hohlraum um Hohlraum, Seite um Seite mit allen Sinnen abwandert. In diesem Kontext entwickelte sich das Konzept einer opto-phonischen Auff\u00fchrung.<br>Jedes Werkzeug ist ein Instrument mit eigener K\u00f6rpersprache und eigenem Dialekt. W\u00e4hrend ich es seine Botschaften ausschreiben und aussprechen lasse, lese ich wie in einem Buch ihre klangbildliche Biographie. Unter meiner Hand entwickeln sich Dialoge, denen ich selbstvergessen folge und nur noch die <em>Gespr\u00e4chsleitung<\/em> \u00fcbernehme. Das analoge Verh\u00e4ltnis von Schrift zu Sprache findet in diesem Prozess seine Entsprechung. Schrift wird zum Bild &#8211; Sprache zum Klang.<\/p>\n","protected":false},"excerpt":{"rendered":"<p>OPTO_PHON &#8211; GERMERINGER BUCH-KUNST-ACHSE\/KUNSTLERB\u00dcCHER 1997 BIOGRAPHIENweiss gestrichenes Packpapier auf Keilrahmen gespannt, jeweils 70cm x 150cm, zweiteilig aufgeklappt schwarze Tusche, B\u00fcrsten, Rakel, Pinsel, [&hellip;]<\/p>\n","protected":false},"author":1,"featured_media":0,"parent":218,"menu_order":0,"comment_status":"closed","ping_status":"closed","template":"page-templates\/page_fullwidth.php","meta":{"footnotes":""},"class_list":["post-362","page","type-page","status-publish","hentry"],"_links":{"self":[{"href":"https:\/\/barbara-proksch.com\/index.php?rest_route=\/wp\/v2\/pages\/362","targetHints":{"allow":["GET"]}}],"collection":[{"href":"https:\/\/barbara-proksch.com\/index.php?rest_route=\/wp\/v2\/pages"}],"about":[{"href":"https:\/\/barbara-proksch.com\/index.php?rest_route=\/wp\/v2\/types\/page"}],"author":[{"embeddable":true,"href":"https:\/\/barbara-proksch.com\/index.php?rest_route=\/wp\/v2\/users\/1"}],"replies":[{"embeddable":true,"href":"https:\/\/barbara-proksch.com\/index.php?rest_route=%2Fwp%2Fv2%2Fcomments&post=362"}],"version-history":[{"count":2,"href":"https:\/\/barbara-proksch.com\/index.php?rest_route=\/wp\/v2\/pages\/362\/revisions"}],"predecessor-version":[{"id":724,"href":"https:\/\/barbara-proksch.com\/index.php?rest_route=\/wp\/v2\/pages\/362\/revisions\/724"}],"up":[{"embeddable":true,"href":"https:\/\/barbara-proksch.com\/index.php?rest_route=\/wp\/v2\/pages\/218"}],"wp:attachment":[{"href":"https:\/\/barbara-proksch.com\/index.php?rest_route=%2Fwp%2Fv2%2Fmedia&parent=362"}],"curies":[{"name":"wp","href":"https:\/\/api.w.org\/{rel}","templated":true}]}}